{"id":4693,"date":"2021-03-18T16:24:22","date_gmt":"2021-03-18T15:24:22","guid":{"rendered":"https:\/\/www.geniecivil-groupvidal.com\/informacao-juridica\/"},"modified":"2024-11-17T17:21:34","modified_gmt":"2024-11-17T16:21:34","slug":"informacao-juridica","status":"publish","type":"page","link":"https:\/\/www.geniecivil-groupvidal.com\/pt-pt\/informacao-juridica\/","title":{"rendered":"Informa\u00e7\u00e3o jur\u00eddica"},"content":{"rendered":"\t\t<div data-elementor-type=\"wp-page\" data-elementor-id=\"4693\" class=\"elementor elementor-4693 elementor-1961\" data-elementor-post-type=\"page\">\n\t\t\t\t\t\t<section class=\"elementor-section elementor-top-section elementor-element elementor-element-78f2bfea elementor-section-height-min-height elementor-section-boxed elementor-section-height-default elementor-section-items-middle\" data-id=\"78f2bfea\" data-element_type=\"section\" data-settings=\"{&quot;background_background&quot;:&quot;classic&quot;}\">\n\t\t\t\t\t\t\t<div class=\"elementor-background-overlay\"><\/div>\n\t\t\t\t\t\t\t<div class=\"elementor-container elementor-column-gap-no\">\n\t\t\t\t\t<div class=\"elementor-column elementor-col-100 elementor-top-column elementor-element elementor-element-28a9625c\" data-id=\"28a9625c\" data-element_type=\"column\">\n\t\t\t<div class=\"elementor-widget-wrap elementor-element-populated\">\n\t\t\t\t\t\t<div class=\"elementor-element elementor-element-29aa2d0d elementor-widget elementor-widget-heading\" data-id=\"29aa2d0d\" data-element_type=\"widget\" data-widget_type=\"heading.default\">\n\t\t\t\t<div class=\"elementor-widget-container\">\n\t\t\t\t\t<h1 class=\"elementor-heading-title elementor-size-large\">avisos legais<\/h1>\t\t\t\t<\/div>\n\t\t\t\t<\/div>\n\t\t\t\t<div class=\"elementor-element elementor-element-2042e50d elementor-widget elementor-widget-spacer\" data-id=\"2042e50d\" data-element_type=\"widget\" data-widget_type=\"spacer.default\">\n\t\t\t\t<div class=\"elementor-widget-container\">\n\t\t\t\t\t\t\t<div class=\"elementor-spacer\">\n\t\t\t<div class=\"elementor-spacer-inner\"><\/div>\n\t\t<\/div>\n\t\t\t\t\t\t<\/div>\n\t\t\t\t<\/div>\n\t\t\t\t\t<\/div>\n\t\t<\/div>\n\t\t\t\t\t<\/div>\n\t\t<\/section>\n\t\t\t\t<section class=\"elementor-section elementor-top-section elementor-element elementor-element-471978aa elementor-section-boxed elementor-section-height-default elementor-section-height-default\" data-id=\"471978aa\" data-element_type=\"section\">\n\t\t\t\t\t\t<div class=\"elementor-container elementor-column-gap-default\">\n\t\t\t\t\t<div class=\"elementor-column elementor-col-100 elementor-top-column elementor-element elementor-element-49c6aac5\" data-id=\"49c6aac5\" data-element_type=\"column\" data-settings=\"{&quot;background_background&quot;:&quot;classic&quot;}\">\n\t\t\t<div class=\"elementor-widget-wrap elementor-element-populated\">\n\t\t\t\t\t\t<div class=\"elementor-element elementor-element-220aeb1 elementor-widget elementor-widget-text-editor\" data-id=\"220aeb1\" data-element_type=\"widget\" data-widget_type=\"text-editor.default\">\n\t\t\t\t<div class=\"elementor-widget-container\">\n\t\t\t\t\t\t\t\t\t<ul>\n<li>Nome da empresa: Group &amp; Vidal<\/li>\n<li>Nome comercial: geniecivil-groupvidal.com<\/li>\n<li>Tel: 0171684652 (pre\u00e7o de uma chamada local)<\/li>\n<li><a href=\"https:\/\/travauxservices.fr\/mentions-legales\/travauxservices.fr\" target=\"_blank\" rel=\"noopener\">Telem\u00f3vel: +351 917 744 179<\/a><\/li>\n<li><a href=\"https:\/\/travauxservices.fr\/mentions-legales\/travauxservices.fr\" target=\"_blank\" rel=\"noopener\">Envia um e-mail:&nbsp;<\/a>services@geniecivil-groupvidal.com<\/li>\n<\/ul>\t\t\t\t\t\t\t\t<\/div>\n\t\t\t\t<\/div>\n\t\t\t\t\t<\/div>\n\t\t<\/div>\n\t\t\t\t\t<\/div>\n\t\t<\/section>\n\t\t\t\t<\/div>\n\t\t","protected":false},"excerpt":{"rendered":"<p>avisos legais Nome da empresa: Group &amp; Vidal Nome comercial: geniecivil-groupvidal.com Tel: 0171684652 (pre\u00e7o de uma chamada local) Telem\u00f3vel: +351 917 744 179 Envia um e-mail:&nbsp;services@geniecivil-groupvidal.com<\/p>\n","protected":false},"author":1,"featured_media":0,"parent":0,"menu_order":0,"comment_status":"closed","ping_status":"closed","template":"elementor_header_footer","meta":{"footnotes":""},"class_list":["post-4693","page","type-page","status-publish","hentry"],"_links":{"self":[{"href":"https:\/\/www.geniecivil-groupvidal.com\/pt-pt\/wp-json\/wp\/v2\/pages\/4693","targetHints":{"allow":["GET"]}}],"collection":[{"href":"https:\/\/www.geniecivil-groupvidal.com\/pt-pt\/wp-json\/wp\/v2\/pages"}],"about":[{"href":"https:\/\/www.geniecivil-groupvidal.com\/pt-pt\/wp-json\/wp\/v2\/types\/page"}],"author":[{"embeddable":true,"href":"https:\/\/www.geniecivil-groupvidal.com\/pt-pt\/wp-json\/wp\/v2\/users\/1"}],"replies":[{"embeddable":true,"href":"https:\/\/www.geniecivil-groupvidal.com\/pt-pt\/wp-json\/wp\/v2\/comments?post=4693"}],"version-history":[{"count":4,"href":"https:\/\/www.geniecivil-groupvidal.com\/pt-pt\/wp-json\/wp\/v2\/pages\/4693\/revisions"}],"predecessor-version":[{"id":5801,"href":"https:\/\/www.geniecivil-groupvidal.com\/pt-pt\/wp-json\/wp\/v2\/pages\/4693\/revisions\/5801"}],"wp:attachment":[{"href":"https:\/\/www.geniecivil-groupvidal.com\/pt-pt\/wp-json\/wp\/v2\/media?parent=4693"}],"curies":[{"name":"wp","href":"https:\/\/api.w.org\/{rel}","templated":true}]}}