{"id":4689,"date":"2021-03-18T16:30:09","date_gmt":"2021-03-18T15:30:09","guid":{"rendered":"https:\/\/www.geniecivil-groupvidal.com\/declaracao-cnil\/"},"modified":"2024-11-17T17:19:46","modified_gmt":"2024-11-17T16:19:46","slug":"declaracao-cnil","status":"publish","type":"page","link":"https:\/\/www.geniecivil-groupvidal.com\/pt-pt\/declaracao-cnil\/","title":{"rendered":"Declara\u00e7\u00e3o CNIL"},"content":{"rendered":"\t\t<div data-elementor-type=\"wp-page\" data-elementor-id=\"4689\" class=\"elementor elementor-4689 elementor-1970\" data-elementor-post-type=\"page\">\n\t\t\t\t\t\t<section class=\"elementor-section elementor-top-section elementor-element elementor-element-78f2bfea elementor-section-height-min-height elementor-section-boxed elementor-section-height-default elementor-section-items-middle\" data-id=\"78f2bfea\" data-element_type=\"section\" data-settings=\"{&quot;background_background&quot;:&quot;classic&quot;}\">\n\t\t\t\t\t\t\t<div class=\"elementor-background-overlay\"><\/div>\n\t\t\t\t\t\t\t<div class=\"elementor-container elementor-column-gap-no\">\n\t\t\t\t\t<div class=\"elementor-column elementor-col-100 elementor-top-column elementor-element elementor-element-28a9625c\" data-id=\"28a9625c\" data-element_type=\"column\">\n\t\t\t<div class=\"elementor-widget-wrap elementor-element-populated\">\n\t\t\t\t\t\t<div class=\"elementor-element elementor-element-29aa2d0d elementor-widget elementor-widget-heading\" data-id=\"29aa2d0d\" data-element_type=\"widget\" data-widget_type=\"heading.default\">\n\t\t\t\t<div class=\"elementor-widget-container\">\n\t\t\t\t\t<h1 class=\"elementor-heading-title elementor-size-large\">declara\u00e7\u00e3o cnil<\/h1>\t\t\t\t<\/div>\n\t\t\t\t<\/div>\n\t\t\t\t<div class=\"elementor-element elementor-element-2042e50d elementor-widget elementor-widget-spacer\" data-id=\"2042e50d\" data-element_type=\"widget\" data-widget_type=\"spacer.default\">\n\t\t\t\t<div class=\"elementor-widget-container\">\n\t\t\t\t\t\t\t<div class=\"elementor-spacer\">\n\t\t\t<div class=\"elementor-spacer-inner\"><\/div>\n\t\t<\/div>\n\t\t\t\t\t\t<\/div>\n\t\t\t\t<\/div>\n\t\t\t\t\t<\/div>\n\t\t<\/div>\n\t\t\t\t\t<\/div>\n\t\t<\/section>\n\t\t\t\t<section class=\"elementor-section elementor-top-section elementor-element elementor-element-471978aa elementor-section-boxed elementor-section-height-default elementor-section-height-default\" data-id=\"471978aa\" data-element_type=\"section\">\n\t\t\t\t\t\t<div class=\"elementor-container elementor-column-gap-default\">\n\t\t\t\t\t<div class=\"elementor-column elementor-col-100 elementor-top-column elementor-element elementor-element-49c6aac5\" data-id=\"49c6aac5\" data-element_type=\"column\" data-settings=\"{&quot;background_background&quot;:&quot;classic&quot;}\">\n\t\t\t<div class=\"elementor-widget-wrap elementor-element-populated\">\n\t\t\t\t\t\t<div class=\"elementor-element elementor-element-220aeb1 elementor-widget elementor-widget-text-editor\" data-id=\"220aeb1\" data-element_type=\"widget\" data-widget_type=\"text-editor.default\">\n\t\t\t\t<div class=\"elementor-widget-container\">\n\t\t\t\t\t\t\t\t\t<div id=\"panel-1590-0-0-1\" class=\"so-panel widget widget_orion_heading_w\" data-index=\"1\"><div class=\"orion default panel-widget-style panel-widget-style-for-1590-0-0-1\"><div class=\"so-widget-orion_heading_w so-widget-orion_heading_w-base\"><div class=\"row orion-heading\"><div class=\"col-md-12 text-left style-h3 style-text-default\"><p class=\"text-default\"><strong>Prote\u00e7\u00e3o de dados pessoais em www.geniecivil-groupvidal.com<\/strong><\/p><\/div><\/div><\/div><\/div><\/div><div id=\"panel-1590-0-0-2\" class=\"so-panel widget widget_text panel-last-child\" data-index=\"2\"><div class=\"orion default panel-widget-style panel-widget-style-for-1590-0-0-2\"><div class=\"textwidget\"><table><tbody><tr><td><p>E<b>ste s\u00edtio foi declarado \u00e0 CNIL, de acordo com as normas NS-48, n\u00famero 1448253, e NS-46, n\u00famero 1448254.<\/b> De acordo com a lei de prote\u00e7\u00e3o de dados de 6 de janeiro de 1978, os utilizadores da Internet t\u00eam o direito de aceder, retificar, modificar e apagar os dados que lhes dizem respeito. Este direito pode ser exercido simplesmente enviando-nos um e-mail para o seguinte endere\u00e7o services@geniecivil-groupvidal.com<\/p><\/td><\/tr><tr><td>Mais alguns pormenores As p\u00e1ginas de<u> geniecivil-groupvidal.com<\/u><br \/>podem ser consultadas pelos utilizadores da Internet sem necessidade de se identificarem ou de fornecerem qualquer informa\u00e7\u00e3o sobre si pr\u00f3prios. Os visitantes devem tamb\u00e9m estar cientes de que nenhuma informa\u00e7\u00e3o pessoal \u00e9 recolhida sem o seu conhecimento, transmitida a terceiros ou utilizada para fins n\u00e3o indicados anteriormente.<\/td><\/tr><tr><td><p>A newsletter enviada por e-mail Se subscreveste a nossa newsletter, n\u00e3o \u00e9 imposs\u00edvel que recebas informa\u00e7\u00f5es &#8220;recomendadas&#8221; e an\u00fancios comerciais.<\/p><p>Tamb\u00e9m podes cancelar a tua inscri\u00e7\u00e3o na nossa lista de correio a qualquer momento, clicando no bot\u00e3o &#8220;n\u00e3o para services@geniecivil-groupvidal.com<u><\/u> &#8220;Podes tamb\u00e9m enviar uma mensagem de correio eletr\u00f3nico para Email: services@geniecivil-groupvidal.com<u><\/u><\/p><\/td><\/tr><tr><td>Sobre as tuas mensagens de correio eletr\u00f3nico Aceitamos todos os anexos nos formatos Word (todas as vers\u00f5es), PDF e Excel.<\/td><\/tr><\/tbody><\/table><p>\u00a0<\/p><\/div><\/div><\/div>\t\t\t\t\t\t\t\t<\/div>\n\t\t\t\t<\/div>\n\t\t\t\t\t<\/div>\n\t\t<\/div>\n\t\t\t\t\t<\/div>\n\t\t<\/section>\n\t\t\t\t<\/div>\n\t\t","protected":false},"excerpt":{"rendered":"<p>declara\u00e7\u00e3o cnil Prote\u00e7\u00e3o de dados pessoais em www.geniecivil-groupvidal.com Este s\u00edtio foi declarado \u00e0 CNIL, de acordo com as normas NS-48, n\u00famero 1448253, e NS-46, n\u00famero 1448254. De acordo com a lei de prote\u00e7\u00e3o de dados de 6 de janeiro de 1978, os utilizadores da Internet t\u00eam o direito de aceder, retificar, modificar e apagar os [&hellip;]<\/p>\n","protected":false},"author":1,"featured_media":0,"parent":0,"menu_order":0,"comment_status":"closed","ping_status":"closed","template":"elementor_header_footer","meta":{"footnotes":""},"class_list":["post-4689","page","type-page","status-publish","hentry"],"_links":{"self":[{"href":"https:\/\/www.geniecivil-groupvidal.com\/pt-pt\/wp-json\/wp\/v2\/pages\/4689","targetHints":{"allow":["GET"]}}],"collection":[{"href":"https:\/\/www.geniecivil-groupvidal.com\/pt-pt\/wp-json\/wp\/v2\/pages"}],"about":[{"href":"https:\/\/www.geniecivil-groupvidal.com\/pt-pt\/wp-json\/wp\/v2\/types\/page"}],"author":[{"embeddable":true,"href":"https:\/\/www.geniecivil-groupvidal.com\/pt-pt\/wp-json\/wp\/v2\/users\/1"}],"replies":[{"embeddable":true,"href":"https:\/\/www.geniecivil-groupvidal.com\/pt-pt\/wp-json\/wp\/v2\/comments?post=4689"}],"version-history":[{"count":4,"href":"https:\/\/www.geniecivil-groupvidal.com\/pt-pt\/wp-json\/wp\/v2\/pages\/4689\/revisions"}],"predecessor-version":[{"id":5798,"href":"https:\/\/www.geniecivil-groupvidal.com\/pt-pt\/wp-json\/wp\/v2\/pages\/4689\/revisions\/5798"}],"wp:attachment":[{"href":"https:\/\/www.geniecivil-groupvidal.com\/pt-pt\/wp-json\/wp\/v2\/media?parent=4689"}],"curies":[{"name":"wp","href":"https:\/\/api.w.org\/{rel}","templated":true}]}}