{"id":4961,"date":"2021-03-18T16:30:09","date_gmt":"2021-03-18T15:30:09","guid":{"rendered":"https:\/\/www.geniecivil-groupvidal.com\/declaracion-cnil\/"},"modified":"2024-09-30T16:31:41","modified_gmt":"2024-09-30T14:31:41","slug":"declaracion-cnil","status":"publish","type":"page","link":"https:\/\/www.geniecivil-groupvidal.com\/es\/declaracion-cnil\/","title":{"rendered":"Declaraci\u00f3n CNIL"},"content":{"rendered":"\t\t<div data-elementor-type=\"wp-page\" data-elementor-id=\"4961\" class=\"elementor elementor-4961 elementor-1970\" data-elementor-post-type=\"page\">\n\t\t\t\t\t\t<section class=\"elementor-section elementor-top-section elementor-element elementor-element-78f2bfea elementor-section-height-min-height elementor-section-boxed elementor-section-height-default elementor-section-items-middle\" data-id=\"78f2bfea\" data-element_type=\"section\" data-settings=\"{&quot;background_background&quot;:&quot;classic&quot;}\">\n\t\t\t\t\t\t\t<div class=\"elementor-background-overlay\"><\/div>\n\t\t\t\t\t\t\t<div class=\"elementor-container elementor-column-gap-no\">\n\t\t\t\t\t<div class=\"elementor-column elementor-col-100 elementor-top-column elementor-element elementor-element-28a9625c\" data-id=\"28a9625c\" data-element_type=\"column\">\n\t\t\t<div class=\"elementor-widget-wrap elementor-element-populated\">\n\t\t\t\t\t\t<div class=\"elementor-element elementor-element-29aa2d0d elementor-widget elementor-widget-heading\" data-id=\"29aa2d0d\" data-element_type=\"widget\" data-widget_type=\"heading.default\">\n\t\t\t\t<div class=\"elementor-widget-container\">\n\t\t\t\t\t<h1 class=\"elementor-heading-title elementor-size-large\">declaraci\u00f3n cnil<\/h1>\t\t\t\t<\/div>\n\t\t\t\t<\/div>\n\t\t\t\t<div class=\"elementor-element elementor-element-2042e50d elementor-widget elementor-widget-spacer\" data-id=\"2042e50d\" data-element_type=\"widget\" data-widget_type=\"spacer.default\">\n\t\t\t\t<div class=\"elementor-widget-container\">\n\t\t\t\t\t\t\t<div class=\"elementor-spacer\">\n\t\t\t<div class=\"elementor-spacer-inner\"><\/div>\n\t\t<\/div>\n\t\t\t\t\t\t<\/div>\n\t\t\t\t<\/div>\n\t\t\t\t\t<\/div>\n\t\t<\/div>\n\t\t\t\t\t<\/div>\n\t\t<\/section>\n\t\t\t\t<section class=\"elementor-section elementor-top-section elementor-element elementor-element-471978aa elementor-section-boxed elementor-section-height-default elementor-section-height-default\" data-id=\"471978aa\" data-element_type=\"section\">\n\t\t\t\t\t\t<div class=\"elementor-container elementor-column-gap-default\">\n\t\t\t\t\t<div class=\"elementor-column elementor-col-100 elementor-top-column elementor-element elementor-element-49c6aac5\" data-id=\"49c6aac5\" data-element_type=\"column\" data-settings=\"{&quot;background_background&quot;:&quot;classic&quot;}\">\n\t\t\t<div class=\"elementor-widget-wrap elementor-element-populated\">\n\t\t\t\t\t\t<div class=\"elementor-element elementor-element-220aeb1 elementor-widget elementor-widget-text-editor\" data-id=\"220aeb1\" data-element_type=\"widget\" data-widget_type=\"text-editor.default\">\n\t\t\t\t<div class=\"elementor-widget-container\">\n\t\t\t\t\t\t\t\t\t<div id=\"panel-1590-0-0-1\" class=\"so-panel widget widget_orion_heading_w\" data-index=\"1\">\n<div class=\"orion default panel-widget-style panel-widget-style-for-1590-0-0-1\">\n<div class=\"so-widget-orion_heading_w so-widget-orion_heading_w-base\">\n<div class=\"row orion-heading\">\n<div class=\"col-md-12 text-left style-h3 style-text-default\">\n<p class=\"text-default\"><strong>Protecci\u00f3n de datos personales en www.travauxservices.fr<\/strong><\/p>\n<\/div>\n<\/div>\n<\/div>\n<\/div>\n<\/div>\n<div id=\"panel-1590-0-0-2\" class=\"so-panel widget widget_text panel-last-child\" data-index=\"2\">\n<div class=\"orion default panel-widget-style panel-widget-style-for-1590-0-0-2\">\n<div class=\"textwidget\">\n<table>\n<tbody>\n<tr>\n<td>\n<p>E<b>ste sitio ha sido declarado a la CNIL, seg\u00fan las normas NS-48, n\u00famero 1448253, y las normas NS-46, n\u00famero 1448254.<\/b> De conformidad con la Ley de Protecci\u00f3n de Datos de 6 de enero de 1978, los usuarios de Internet tienen derecho a acceder, rectificar, modificar y suprimir los datos que les conciernan. Este derecho puede ejercerse simplemente envi\u00e1ndonos un correo electr\u00f3nico a la siguiente direcci\u00f3n<a href=\"mailto:dg@travauxservices.fr\"><u>dg@travauxservices.fr<\/u><\/a><\/td>\n<\/tr>\n<tr>\n<td>Algunos detalles m\u00e1s Las p\u00e1ginas de<a href=\"https:\/\/travauxservices.fr\/\" target=\"_blank\" rel=\"noopener\"><u>www.travauxservices.fr<\/u><\/a><br \/>pueden ser consultadas por los internautas sin que tengan que identificarse ni facilitar ninguna informaci\u00f3n sobre s\u00ed mismos. Los visitantes tambi\u00e9n deben saber que no se recoge ninguna informaci\u00f3n personal sin su conocimiento, ni se transmite a terceros, ni se utiliza para fines no indicados previamente.<\/td>\n<\/tr>\n<tr>\n<td>\n<p>El bolet\u00edn enviado por correo electr\u00f3nico Si te has suscrito a nuestro bolet\u00edn, no es imposible que recibas informaci\u00f3n \u00abrecomendada\u00bb y anuncios comerciales.<\/p>\n<p>Tambi\u00e9n puedes darte de baja de nuestra lista de correo en cualquier momento haciendo clic en el bot\u00f3n \u00abno a <a href=\"https:\/\/travauxservices.fr\/\" target=\"_blank\" rel=\"noopener\"><u>www.travauxservices.fr<\/u><\/a> \u00bb Tambi\u00e9n puedes enviar un correo electr\u00f3nico a Correo electr\u00f3nico <a href=\"mailto:dg@travauxservices.fr\"><u>dg@travauxservices.fr<\/u><\/a><\/p>\n<\/td>\n<\/tr>\n<tr>\n<td>Sobre tus correos electr\u00f3nicos Aceptamos todos los archivos adjuntos en formato Word (todas las versiones), PDF y Excel.<\/td>\n<\/tr>\n<\/tbody>\n<\/table>\n<\/div>\n<\/div>\n<\/div>\n\t\t\t\t\t\t\t\t<\/div>\n\t\t\t\t<\/div>\n\t\t\t\t\t<\/div>\n\t\t<\/div>\n\t\t\t\t\t<\/div>\n\t\t<\/section>\n\t\t\t\t<\/div>\n\t\t","protected":false},"excerpt":{"rendered":"<p>declaraci\u00f3n cnil Protecci\u00f3n de datos personales en www.travauxservices.fr Este sitio ha sido declarado a la CNIL, seg\u00fan las normas NS-48, n\u00famero 1448253, y las normas NS-46, n\u00famero 1448254. De conformidad con la Ley de Protecci\u00f3n de Datos de 6 de enero de 1978, los usuarios de Internet tienen derecho a acceder, rectificar, modificar y suprimir [&hellip;]<\/p>\n","protected":false},"author":1,"featured_media":0,"parent":0,"menu_order":0,"comment_status":"closed","ping_status":"closed","template":"elementor_header_footer","meta":{"footnotes":""},"class_list":["post-4961","page","type-page","status-publish","hentry"],"_links":{"self":[{"href":"https:\/\/www.geniecivil-groupvidal.com\/es\/wp-json\/wp\/v2\/pages\/4961","targetHints":{"allow":["GET"]}}],"collection":[{"href":"https:\/\/www.geniecivil-groupvidal.com\/es\/wp-json\/wp\/v2\/pages"}],"about":[{"href":"https:\/\/www.geniecivil-groupvidal.com\/es\/wp-json\/wp\/v2\/types\/page"}],"author":[{"embeddable":true,"href":"https:\/\/www.geniecivil-groupvidal.com\/es\/wp-json\/wp\/v2\/users\/1"}],"replies":[{"embeddable":true,"href":"https:\/\/www.geniecivil-groupvidal.com\/es\/wp-json\/wp\/v2\/comments?post=4961"}],"version-history":[{"count":1,"href":"https:\/\/www.geniecivil-groupvidal.com\/es\/wp-json\/wp\/v2\/pages\/4961\/revisions"}],"predecessor-version":[{"id":4964,"href":"https:\/\/www.geniecivil-groupvidal.com\/es\/wp-json\/wp\/v2\/pages\/4961\/revisions\/4964"}],"wp:attachment":[{"href":"https:\/\/www.geniecivil-groupvidal.com\/es\/wp-json\/wp\/v2\/media?parent=4961"}],"curies":[{"name":"wp","href":"https:\/\/api.w.org\/{rel}","templated":true}]}}